{"id":124,"date":"2023-08-30T11:21:45","date_gmt":"2023-08-30T11:21:45","guid":{"rendered":"https:\/\/saigonink.net\/?page_id=124"},"modified":"2026-04-08T17:17:10","modified_gmt":"2026-04-08T10:17:10","slug":"about","status":"publish","type":"page","link":"https:\/\/saigonink.net\/en\/about\/","title":{"rendered":"About"},"content":{"rendered":"<div data-elementor-type=\"wp-page\" data-elementor-id=\"124\" class=\"elementor elementor-124\" data-elementor-post-type=\"page\">\n\t\t\t\t<div class=\"has_ae_slider elementor-element elementor-element-3cffacc e-flex e-con-boxed ae-bg-gallery-type-default e-con e-parent\" data-id=\"3cffacc\" data-element_type=\"container\" data-settings=\"{&quot;background_background&quot;:&quot;classic&quot;}\">\n\t\t\t\t\t<div class=\"e-con-inner\">\n\t\t<div class=\"has_ae_slider elementor-element elementor-element-9f08b22 e-con-full e-flex ae-bg-gallery-type-default e-con e-child\" data-id=\"9f08b22\" data-element_type=\"container\">\n\t\t\t\t<div class=\"elementor-element elementor-element-45cfb37 elementor-invisible elementor-widget elementor-widget-ucaddon_splitting_letters_effect\" data-id=\"45cfb37\" data-element_type=\"widget\" data-widget_type=\"ucaddon_splitting_letters_effect.default\">\n\t\t\t\t<div class=\"elementor-widget-container\">\n\t\t\t\t\t\n<!-- start Animated Split Text -->\n<style>\/* widget: Animated Split Text *\/\n\n\n.uc-splitting-text{\n\tdisplay:flex;\n\tvisibility:hidden;\n}\n\n.uc-splitting-text-wrapper{\n  display:flex;\n  flex-wrap: wrap;\n}\n\n.uc-splitting-text-item{\n  display:inline-flex;\n  flex-wrap: wrap;\n}\n\n.uc-splitting-text .word{\n   display:inline-flex;\n}\n\n.uc-splitting-text.uc-animated{\n\tvisibility:visible;\n}\n\n\n@keyframes ue_slide {\n  from {\n    transform: translateY(-1em) rotate(-.5turn) scale(0.5);\n    opacity: 0;\n  }\n}\n\n@keyframes ue_flip {\n  from {\n    transform: rotate(360deg) scale(0.5);\n    opacity: 0;\n  }\n}\n\n\n@keyframes ue_blur {\n  from {\n    transform: translateY(-1000px) scaleY(2.5) scaleX(0.2);\n    transform-origin: 50% 0%;\n    filter: blur(40px);\n    opacity: 0;\n  }\n}\n\n@keyframes ue_puff {\n  from {\n    transform: scale(2);\n    filter: blur(4px);\n    opacity: 0;\n  }\n}\n\n@keyframes ue_tilt {\n  from {\n    transform: rotateY(20deg) rotateX(35deg) translate(300px, -300px) skew(-35deg, 10deg);\n    opacity: 0;\n  }\n}\n\n@keyframes ue_scale {\n  from {\n    transform: scale(0);\n    opacity: 0;\n  }\n}\n\n@keyframes ue_slide_up {\n  from {\n    transform: translateY(100%); \n    opacity: 0;\n  }\n  to {\n    transform: translateY(0);\n    opacity: 1;\n  }\n}\n            \n\n\n#uc_splitting_letters_effect_elementor_45cfb37.uc-animated .char {\n  animation: ue_slide 1s cubic-bezier(.5, 0, .5, 1) both;\n  animation-delay: calc(70ms * var(--char-index));\n}\n  \n  #uc_splitting_letters_effect_elementor_45cfb37_item1{\n    color:#FFFFFF;\n  }\n\n\n\n\n<\/style>\n\n<div id=\"uc_splitting_letters_effect_elementor_45cfb37\" class=\"uc-splitting-text\"   data-splitting data-reveal-eachscroll=\"false\">\n  <div class=\"uc-splitting-text-wrapper\">\n\t<div id=\"uc_splitting_letters_effect_elementor_45cfb37_item1\" class=\"uc-splitting-text-item\">SAIGONINK CREW<\/div>\n\n  <\/div>\n<\/div>\n<!-- end Animated Split Text -->\t\t\t\t<\/div>\n\t\t\t\t<\/div>\n\t\t\t\t<\/div>\n\t\t\t\t\t<\/div>\n\t\t\t\t<\/div>\n\t\t<div class=\"has_ae_slider elementor-element elementor-element-e95c224 e-flex e-con-boxed ae-bg-gallery-type-default e-con e-parent\" data-id=\"e95c224\" data-element_type=\"container\" data-settings=\"{&quot;background_background&quot;:&quot;classic&quot;}\">\n\t\t\t\t\t<div class=\"e-con-inner\">\n\t\t<div class=\"has_ae_slider elementor-element elementor-element-ba05062 e-con-full e-flex ae-bg-gallery-type-default e-con e-child\" data-id=\"ba05062\" data-element_type=\"container\">\n\t\t<div class=\"has_ae_slider elementor-element elementor-element-18bb3a8 e-con-full e-flex ae-bg-gallery-type-default e-con e-child\" data-id=\"18bb3a8\" data-element_type=\"container\">\n\t\t\t\t<div class=\"elementor-element elementor-element-a03e93e elementor-widget elementor-widget-heading\" data-id=\"a03e93e\" data-element_type=\"widget\" data-widget_type=\"heading.default\">\n\t\t\t\t<div class=\"elementor-widget-container\">\n\t\t\t\t\t<h2 class=\"elementor-heading-title elementor-size-default\">SAIGON INK<\/h2>\t\t\t\t<\/div>\n\t\t\t\t<\/div>\n\t\t\t\t<\/div>\n\t\t\t\t<div class=\"elementor-element elementor-element-9efcfdc elementor-widget elementor-widget-text-editor\" data-id=\"9efcfdc\" data-element_type=\"widget\" data-widget_type=\"text-editor.default\">\n\t\t\t\t<div class=\"elementor-widget-container\">\n\t\t\t\t\t\t\t\t\t<p>Ra \u0111\u1eddi <strong>t\u1eeb n\u0103m 2008<\/strong>, <strong>Saigon Ink<\/strong> t\u1ef1 h\u00e0o l\u00e0 m\u1ed9t trong nh\u1eefng bi\u1ec3u t\u01b0\u1ee3ng ti\u00ean phong \u0111\u1eb7t n\u1ec1n m\u00f3ng cho ngh\u1ec7 thu\u1eadt x\u0103m h\u00ecnh chuy\u00ean nghi\u1ec7p t\u1ea1i Vi\u1ec7t Nam. V\u1edbi h\u01a1n m\u1ed9t th\u1eadp k\u1ef7 h\u00ecnh th\u00e0nh v\u00e0 ph\u00e1t tri\u1ec3n, ch\u00fang t\u00f4i kh\u00f4ng ch\u1ec9 l\u00e0 m\u1ed9t studio, m\u00e0 c\u00f2n l\u00e0 &#8220;ng\u00f4i nh\u00e0 chung&#8221; c\u1ee7a 20 Artist t\u00e0i n\u0103ng d\u01b0\u1edbi s\u1ef1 d\u1eabn d\u1eaft c\u1ee7a <strong>ngh\u1ec7 nh\u00e2n Danis Nguy\u1ec5n<\/strong> \u2013 ng\u01b0\u1eddi \u0111\u00e3 g\u00f3p c\u00f4ng l\u1edbn \u0111\u01b0a h\u1ed3n Vi\u1ec7t v\u01b0\u01a1n t\u1ea7m qu\u1ed1c t\u1ebf. T\u1ea1i \u0111\u00e2y, ch\u00fang t\u00f4i th\u1ea5u hi\u1ec3u r\u1eb1ng m\u1ed7i h\u00ecnh x\u0103m kh\u00f4ng \u0111\u01a1n thu\u1ea7n l\u00e0 m\u1ef1c v\u1ebd tr\u00ean da, m\u00e0 l\u00e0 m\u1ed9t ph\u1ea7n k\u00fd \u1ee9c v\u00e0 t\u00e2m h\u1ed3n c\u1ee7a ng\u01b0\u1eddi s\u1edf h\u1eefu. V\u1edbi tri\u1ebft l\u00fd s\u00e2u s\u1eafc <b data-path-to-node=\"2,0\" data-index-in-node=\"527\">\u201cEach tattoo has a story\u201d<\/b>, Saigon Ink lu\u00f4n n\u1ed7 l\u1ef1c bi\u1ebfn m\u1ecdi \u00fd t\u01b0\u1edfng \u0111\u1ed9c b\u1ea3n c\u1ee7a kh\u00e1ch h\u00e0ng th\u00e0nh nh\u1eefng t\u00e1c ph\u1ea9m ngh\u1ec7 thu\u1eadt c\u00f3 gi\u00e1 tr\u1ecb v\u0129nh c\u1eedu.<\/p>\t\t\t\t\t\t\t\t<\/div>\n\t\t\t\t<\/div>\n\t\t\t\t<\/div>\n\t\t<div class=\"has_ae_slider elementor-element elementor-element-391f1bc e-con-full e-flex ae-bg-gallery-type-default e-con e-child\" data-id=\"391f1bc\" data-element_type=\"container\">\n\t\t<div class=\"has_ae_slider elementor-element elementor-element-a7568ec e-con-full e-flex ae-bg-gallery-type-default e-con e-child\" data-id=\"a7568ec\" data-element_type=\"container\">\n\t\t\t\t<div class=\"elementor-element elementor-element-d383d2b elementor-widget elementor-widget-heading\" data-id=\"d383d2b\" data-element_type=\"widget\" data-widget_type=\"heading.default\">\n\t\t\t\t<div class=\"elementor-widget-container\">\n\t\t\t\t\t<h2 class=\"elementor-heading-title elementor-size-default\">SAIGON <\/br>\nTATTOO<\/br>\nEXPO<\/h2>\t\t\t\t<\/div>\n\t\t\t\t<\/div>\n\t\t\t\t<div class=\"elementor-element elementor-element-97fb1d8 elementor-widget elementor-widget-text-editor\" data-id=\"97fb1d8\" data-element_type=\"widget\" data-widget_type=\"text-editor.default\">\n\t\t\t\t<div class=\"elementor-widget-container\">\n\t\t\t\t\t\t\t\t\t<p><strong>Saigon Tattoo Expo<\/strong> l\u00e0 s\u1ef1 ki\u1ec7n \u2013 cu\u1ed9c thi x\u0103m h\u00ecnh chuy\u00ean nghi\u1ec7p mang t\u1ea7m qu\u1ed1c t\u1ebf, \u0111\u01b0\u1ee3c s\u00e1ng l\u1eadp v\u00e0 t\u1ed5 ch\u1ee9c b\u1edfi Saigon Ink d\u01b0\u1edbi s\u1ef1 d\u1eabn d\u1eaft c\u1ee7a <strong>Danis Nguyen<\/strong>.<br \/>Kh\u00f4ng ch\u1ec9 l\u00e0 m\u1ed9t s\u00e2n ch\u01a1i tranh t\u00e0i, Saigon Tattoo Expo c\u00f2n l\u00e0 n\u01a1i quy t\u1ee5 h\u00e0ng tr\u0103m tattoo artist h\u00e0ng \u0111\u1ea7u t\u1eeb Vi\u1ec7t Nam v\u00e0 kh\u1eafp th\u1ebf gi\u1edbi, c\u00f9ng h\u1ed9i t\u1ee5 \u0111\u1ec3 th\u1ec3 hi\u1ec7n k\u1ef9 thu\u1eadt, t\u01b0 duy ngh\u1ec7 thu\u1eadt v\u00e0 d\u1ea5u \u1ea5n c\u00e1 nh\u00e2n qua nhi\u1ec1u h\u1ea1ng m\u1ee5c thi \u0111a d\u1ea1ng.<br \/>V\u1edbi quy m\u00f4 l\u1edbn, h\u1ed9i \u0111\u1ed3ng gi\u00e1m kh\u1ea3o qu\u1ed1c t\u1ebf v\u00e0 s\u1ef1 tham gia c\u1ee7a c\u1ed9ng \u0111\u1ed3ng tattoo to\u00e0n c\u1ea7u, s\u1ef1 ki\u1ec7n \u0111\u00e3 tr\u1edf th\u00e0nh m\u1ed9t trong nh\u1eefng tattoo convention uy t\u00edn h\u00e0ng \u0111\u1ea7u khu v\u1ef1c <strong>\u0110\u00f4ng Nam \u00c1<\/strong>.<\/p>\t\t\t\t\t\t\t\t<\/div>\n\t\t\t\t<\/div>\n\t\t\t\t<\/div>\n\t\t<div class=\"has_ae_slider elementor-element elementor-element-7dd836b e-con-full e-flex ae-bg-gallery-type-default e-con e-child\" data-id=\"7dd836b\" data-element_type=\"container\">\n\t\t\t\t<div class=\"elementor-element elementor-element-4cabcd6 elementor-arrows-position-outside elementor-widget elementor-widget-image-carousel\" data-id=\"4cabcd6\" data-element_type=\"widget\" data-settings=\"{&quot;slides_to_show&quot;:&quot;1&quot;,&quot;navigation&quot;:&quot;arrows&quot;,&quot;autoplay&quot;:&quot;yes&quot;,&quot;pause_on_hover&quot;:&quot;yes&quot;,&quot;pause_on_interaction&quot;:&quot;yes&quot;,&quot;autoplay_speed&quot;:5000,&quot;infinite&quot;:&quot;yes&quot;,&quot;effect&quot;:&quot;slide&quot;,&quot;speed&quot;:500}\" data-widget_type=\"image-carousel.default\">\n\t\t\t\t<div class=\"elementor-widget-container\">\n\t\t\t\t\t\t\t<div class=\"elementor-image-carousel-wrapper swiper\" role=\"region\" aria-roledescription=\"carousel\" aria-label=\"B\u0103ng chuy\u1ec1n h\u00ecnh \u1ea3nh\" dir=\"ltr\">\n\t\t\t<div class=\"elementor-image-carousel swiper-wrapper\" aria-live=\"off\">\n\t\t\t\t\t\t\t\t<div class=\"swiper-slide\" role=\"group\" aria-roledescription=\"slide\" aria-label=\"1 tr\u00ean 5\"><figure class=\"swiper-slide-inner\"><img decoding=\"async\" class=\"swiper-slide-image\" src=\"https:\/\/saigonink.net\/wp-content\/uploads\/elementor\/thumbs\/Copy-of-6.1-rko3i6665g16w85zl8joe7ymrjrttp9qncvlujcz9k.webp\" alt=\"Copy of 6.1\" \/><\/figure><\/div><div class=\"swiper-slide\" role=\"group\" aria-roledescription=\"slide\" aria-label=\"2 tr\u00ean 5\"><figure class=\"swiper-slide-inner\"><img decoding=\"async\" class=\"swiper-slide-image\" src=\"https:\/\/saigonink.net\/wp-content\/uploads\/elementor\/thumbs\/Copy-of-6.2-rko3ibt7ag8wtvxsoazft6jebv013vw4o4siq74m88.webp\" alt=\"Copy of 6.2\" \/><\/figure><\/div><div class=\"swiper-slide\" role=\"group\" aria-roledescription=\"slide\" aria-label=\"3 tr\u00ean 5\"><figure class=\"swiper-slide-inner\"><img decoding=\"async\" class=\"swiper-slide-image\" src=\"https:\/\/saigonink.net\/wp-content\/uploads\/elementor\/thumbs\/Copy-of-6.3-rko3idovo4bhh3v2dbsoy62bimqrja3lce3hor1tvs.webp\" alt=\"Copy of 6.3\" \/><\/figure><\/div><div class=\"swiper-slide\" role=\"group\" aria-roledescription=\"slide\" aria-label=\"4 tr\u00ean 5\"><figure class=\"swiper-slide-inner\"><img decoding=\"async\" class=\"swiper-slide-image\" src=\"https:\/\/saigonink.net\/wp-content\/uploads\/elementor\/thumbs\/Copy-of-6.4-rko3ifkk1se24bsc2cly35l8pehhyob20negnaz1jc.webp\" alt=\"Copy of 6.4\" \/><\/figure><\/div><div class=\"swiper-slide\" role=\"group\" aria-roledescription=\"slide\" aria-label=\"5 tr\u00ean 5\"><figure class=\"swiper-slide-inner\"><img decoding=\"async\" class=\"swiper-slide-image\" src=\"https:\/\/saigonink.net\/wp-content\/uploads\/elementor\/thumbs\/Copy-of-6.5-rko3ihg8fggmrjplrdf78545w688e2iiowpfluw96w.webp\" alt=\"Copy of 6.5\" \/><\/figure><\/div>\t\t\t<\/div>\n\t\t\t\t\t\t\t\t\t\t\t\t<div class=\"elementor-swiper-button elementor-swiper-button-prev\" role=\"button\" tabindex=\"0\">\n\t\t\t\t\t\t<i aria-hidden=\"true\" class=\"eicon-chevron-left\"><\/i>\t\t\t\t\t<\/div>\n\t\t\t\t\t<div class=\"elementor-swiper-button elementor-swiper-button-next\" role=\"button\" tabindex=\"0\">\n\t\t\t\t\t\t<i aria-hidden=\"true\" class=\"eicon-chevron-right\"><\/i>\t\t\t\t\t<\/div>\n\t\t\t\t\n\t\t\t\t\t\t\t\t\t<\/div>\n\t\t\t\t\t\t<\/div>\n\t\t\t\t<\/div>\n\t\t\t\t<\/div>\n\t\t\t\t<\/div>\n\t\t\t\t\t<\/div>\n\t\t\t\t<\/div>\n\t\t\t\t<div class=\"unlimited-elements-background-overlay\" data-forid=\"e95c224\" data-location=\"back\" style=\"display:none\">\n\t\t\t<template>\n\t\t\t\n<!-- start Smoke Background Effect -->\n<style>\/* widget: Smoke Background Effect *\/\n\n#uc_ue_webgl_fluid_simulation_bg_addon12656 {\n  position:  sticky ;\n  inset: 0;\n  width: 100%;\n  height: 100%;\n  max-height: 100vh;\n  pointer-events: none;\n}\n\n\n\n<\/style>\n\n<canvas id=\"uc_ue_webgl_fluid_simulation_bg_addon12656\"><\/canvas>\n<script type=\"text\/javascript\"  id=\"ue_script_ue_webgl_fluid_simulation\">\n\n\/* Smoke Background Effect scripts: *\/ \n\n( () => {\n  \t\n    const canvas = document.querySelector('#uc_ue_webgl_fluid_simulation_bg_addon12656')\n     \n    function initSmoker(canvas){\n      \/\/ canvas.parentElement.style.zIndex = 1\n      \n      const fluidOptions = {\n        TRIGGER: 'hover',\n        IMMEDIATE: true,\n        SPLAT_RADIUS: 0.25,\n        BLOOM: false,\n        SUNRAYS: false,\n        COLORFUL:  false ,\n        CUSTOM_COLOR:  true ,\n        COLOR: '#000000',\n        TEXTURE: 'https:\/\/saigonink.net\/wp-content\/uploads\/ac_assets\/ue_webgl_fluid_simulation\/img\/dithering_texture.png'\n      }\n\n      const options = {\n        canvas: canvas,\n        eventsContainer:  canvas.parentElement.parentElement ,\n        fluidOptions: fluidOptions\n      }\n\n      import('https:\/\/saigonink.net\/wp-content\/uploads\/ac_assets\/ue_webgl_fluid_simulation\/js\/ue_webgl_fluid.js')\n        .then( module => {\n          new module.UeWebglFluid(options)\n        })\n        .catch( error => { console.log('unable to load UeWebglFluid', error) })\n   } \n   \n   if(canvas == null){\n     setTimeout(function(){\n       const canvas = document.querySelector('#uc_ue_webgl_fluid_simulation_bg_addon12656')\n       initSmoker(canvas);\n     },300);\n   }else{\n     initSmoker(canvas);\n   }                                                                        \n                                                       \n                                                        \n})();\n<\/script>\n<!-- end Smoke Background Effect -->\t\t\t<\/template>\n\t\t<\/div>\n\t\t\n\t\t\t\t<\/div>","protected":false},"excerpt":{"rendered":"<p>SAIGONINK CREW SAIGON INK Ra \u0111\u1eddi t\u1eeb n\u0103m 2008, Saigon Ink t\u1ef1 h\u00e0o l\u00e0 m\u1ed9t trong nh\u1eefng bi\u1ec3u t\u01b0\u1ee3ng ti\u00ean phong \u0111\u1eb7t n\u1ec1n m\u00f3ng cho ngh\u1ec7 thu\u1eadt x\u0103m h\u00ecnh chuy\u00ean nghi\u1ec7p t\u1ea1i Vi\u1ec7t Nam. V\u1edbi h\u01a1n m\u1ed9t th\u1eadp k\u1ef7 h\u00ecnh th\u00e0nh v\u00e0 ph\u00e1t tri\u1ec3n, ch\u00fang t\u00f4i kh\u00f4ng ch\u1ec9 l\u00e0 m\u1ed9t studio, m\u00e0 c\u00f2n l\u00e0 &#8220;ng\u00f4i [&hellip;]<\/p>\n","protected":false},"author":1,"featured_media":0,"parent":0,"menu_order":0,"comment_status":"closed","ping_status":"closed","template":"elementor_header_footer","meta":{"footnotes":""},"class_list":["post-124","page","type-page","status-publish","hentry"],"_links":{"self":[{"href":"https:\/\/saigonink.net\/en\/wp-json\/wp\/v2\/pages\/124","targetHints":{"allow":["GET"]}}],"collection":[{"href":"https:\/\/saigonink.net\/en\/wp-json\/wp\/v2\/pages"}],"about":[{"href":"https:\/\/saigonink.net\/en\/wp-json\/wp\/v2\/types\/page"}],"author":[{"embeddable":true,"href":"https:\/\/saigonink.net\/en\/wp-json\/wp\/v2\/users\/1"}],"replies":[{"embeddable":true,"href":"https:\/\/saigonink.net\/en\/wp-json\/wp\/v2\/comments?post=124"}],"version-history":[{"count":91,"href":"https:\/\/saigonink.net\/en\/wp-json\/wp\/v2\/pages\/124\/revisions"}],"predecessor-version":[{"id":3050,"href":"https:\/\/saigonink.net\/en\/wp-json\/wp\/v2\/pages\/124\/revisions\/3050"}],"wp:attachment":[{"href":"https:\/\/saigonink.net\/en\/wp-json\/wp\/v2\/media?parent=124"}],"curies":[{"name":"wp","href":"https:\/\/api.w.org\/{rel}","templated":true}]}}