{"id":2179,"date":"2026-03-19T09:39:43","date_gmt":"2026-03-19T02:39:43","guid":{"rendered":"https:\/\/saigonink.net\/?page_id=2179"},"modified":"2026-04-08T17:25:10","modified_gmt":"2026-04-08T10:25:10","slug":"service","status":"publish","type":"page","link":"https:\/\/saigonink.net\/en\/service\/","title":{"rendered":"Service"},"content":{"rendered":"<div data-elementor-type=\"wp-page\" data-elementor-id=\"2179\" class=\"elementor elementor-2179\" data-elementor-post-type=\"page\">\n\t\t\t\t<div class=\"has_ae_slider elementor-element elementor-element-b88c865 e-flex e-con-boxed ae-bg-gallery-type-default e-con e-parent\" data-id=\"b88c865\" data-element_type=\"container\" data-settings=\"{&quot;background_background&quot;:&quot;classic&quot;}\">\n\t\t\t\t\t<div class=\"e-con-inner\">\n\t\t\t\t<div class=\"elementor-element elementor-element-11b55aa elementor-invisible elementor-widget elementor-widget-ucaddon_splitting_letters_effect\" data-id=\"11b55aa\" data-element_type=\"widget\" data-widget_type=\"ucaddon_splitting_letters_effect.default\">\n\t\t\t\t<div class=\"elementor-widget-container\">\n\t\t\t\t\t\n<!-- start Animated Split Text -->\n<style>\/* widget: Animated Split Text *\/\n\n\n.uc-splitting-text{\n\tdisplay:flex;\n\tvisibility:hidden;\n}\n\n.uc-splitting-text-wrapper{\n  display:flex;\n  flex-wrap: wrap;\n}\n\n.uc-splitting-text-item{\n  display:inline-flex;\n  flex-wrap: wrap;\n}\n\n.uc-splitting-text .word{\n   display:inline-flex;\n}\n\n.uc-splitting-text.uc-animated{\n\tvisibility:visible;\n}\n\n\n@keyframes ue_slide {\n  from {\n    transform: translateY(-1em) rotate(-.5turn) scale(0.5);\n    opacity: 0;\n  }\n}\n\n@keyframes ue_flip {\n  from {\n    transform: rotate(360deg) scale(0.5);\n    opacity: 0;\n  }\n}\n\n\n@keyframes ue_blur {\n  from {\n    transform: translateY(-1000px) scaleY(2.5) scaleX(0.2);\n    transform-origin: 50% 0%;\n    filter: blur(40px);\n    opacity: 0;\n  }\n}\n\n@keyframes ue_puff {\n  from {\n    transform: scale(2);\n    filter: blur(4px);\n    opacity: 0;\n  }\n}\n\n@keyframes ue_tilt {\n  from {\n    transform: rotateY(20deg) rotateX(35deg) translate(300px, -300px) skew(-35deg, 10deg);\n    opacity: 0;\n  }\n}\n\n@keyframes ue_scale {\n  from {\n    transform: scale(0);\n    opacity: 0;\n  }\n}\n\n@keyframes ue_slide_up {\n  from {\n    transform: translateY(100%); \n    opacity: 0;\n  }\n  to {\n    transform: translateY(0);\n    opacity: 1;\n  }\n}\n            \n\n\n#uc_splitting_letters_effect_elementor_11b55aa.uc-animated .char {\n  animation: ue_slide 1s cubic-bezier(.5, 0, .5, 1) both;\n  animation-delay: calc(70ms * var(--char-index));\n}\n  \n  #uc_splitting_letters_effect_elementor_11b55aa_item1{\n    color:#FFFFFF;\n  }\n\n\n\n\n<\/style>\n\n<div id=\"uc_splitting_letters_effect_elementor_11b55aa\" class=\"uc-splitting-text\"   data-splitting data-reveal-eachscroll=\"false\">\n  <div class=\"uc-splitting-text-wrapper\">\n\t<div id=\"uc_splitting_letters_effect_elementor_11b55aa_item1\" class=\"uc-splitting-text-item\">SERVICE<\/div>\n\n  <\/div>\n<\/div>\n<!-- end Animated Split Text -->\t\t\t\t<\/div>\n\t\t\t\t<\/div>\n\t\t\t\t\t<\/div>\n\t\t\t\t<\/div>\n\t\t<div class=\"has_ae_slider elementor-element elementor-element-d3a8a9d e-flex e-con-boxed ae-bg-gallery-type-default e-con e-parent\" data-id=\"d3a8a9d\" data-element_type=\"container\">\n\t\t\t\t\t<div class=\"e-con-inner\">\n\t\t<div class=\"has_ae_slider elementor-element elementor-element-0b4f3aa e-con-full e-flex ae-bg-gallery-type-default e-con e-child\" data-id=\"0b4f3aa\" data-element_type=\"container\">\n\t\t<div class=\"has_ae_slider elementor-element elementor-element-4e1a8ba e-con-full e-flex ae-bg-gallery-type-default e-con e-child\" data-id=\"4e1a8ba\" data-element_type=\"container\">\n\t\t\t\t<div class=\"elementor-element elementor-element-9d69dd0 elementor-widget elementor-widget-image\" data-id=\"9d69dd0\" data-element_type=\"widget\" data-widget_type=\"image.default\">\n\t\t\t\t<div class=\"elementor-widget-container\">\n\t\t\t\t\t\t\t\t\t\t\t\t\t\t\t\t<a href=\"https:\/\/saigonink.net\/wp-content\/uploads\/2026\/03\/18.webp\" data-elementor-open-lightbox=\"yes\" data-elementor-lightbox-title=\"18\" data-e-action-hash=\"#elementor-action%3Aaction%3Dlightbox%26settings%3DeyJpZCI6MjE4OSwidXJsIjoiaHR0cHM6XC9cL3NhaWdvbmluay5uZXRcL3dwLWNvbnRlbnRcL3VwbG9hZHNcLzIwMjZcLzAzXC8xOC53ZWJwIn0%3D\">\n\t\t\t\t\t\t\t<img fetchpriority=\"high\" decoding=\"async\" width=\"1200\" height=\"1500\" src=\"https:\/\/saigonink.net\/wp-content\/uploads\/2026\/03\/18.webp\" class=\"attachment-full size-full wp-image-2189\" alt=\"\" srcset=\"https:\/\/saigonink.net\/wp-content\/uploads\/2026\/03\/18.webp 1200w, https:\/\/saigonink.net\/wp-content\/uploads\/2026\/03\/18-240x300.webp 240w, https:\/\/saigonink.net\/wp-content\/uploads\/2026\/03\/18-819x1024.webp 819w, https:\/\/saigonink.net\/wp-content\/uploads\/2026\/03\/18-768x960.webp 768w, https:\/\/saigonink.net\/wp-content\/uploads\/2026\/03\/18-10x12.webp 10w\" sizes=\"(max-width: 1200px) 100vw, 1200px\" \/>\t\t\t\t\t\t\t\t<\/a>\n\t\t\t\t\t\t\t\t\t\t\t\t\t\t\t<\/div>\n\t\t\t\t<\/div>\n\t\t\t\t<div class=\"elementor-element elementor-element-2713268 elementor-widget elementor-widget-heading\" data-id=\"2713268\" data-element_type=\"widget\" data-widget_type=\"heading.default\">\n\t\t\t\t<div class=\"elementor-widget-container\">\n\t\t\t\t\t<h2 class=\"elementor-heading-title elementor-size-default\">KOI BLESSING CHARM <\/br> (L\u1ed9c Ng\u01b0 Ph\u00f9) <\/br> \u0110en<\/h2>\t\t\t\t<\/div>\n\t\t\t\t<\/div>\n\t\t\t\t<\/div>\n\t\t<div class=\"has_ae_slider elementor-element elementor-element-d59e4f4 e-con-full e-flex ae-bg-gallery-type-default e-con e-child\" data-id=\"d59e4f4\" data-element_type=\"container\">\n\t\t\t\t<div class=\"elementor-element elementor-element-68f11ec elementor-widget elementor-widget-image\" data-id=\"68f11ec\" data-element_type=\"widget\" data-widget_type=\"image.default\">\n\t\t\t\t<div class=\"elementor-widget-container\">\n\t\t\t\t\t\t\t\t\t\t\t\t\t\t\t\t<a href=\"https:\/\/saigonink.net\/wp-content\/uploads\/2026\/03\/19.webp\" data-elementor-open-lightbox=\"yes\" data-elementor-lightbox-title=\"19\" data-e-action-hash=\"#elementor-action%3Aaction%3Dlightbox%26settings%3DeyJpZCI6MjE5MCwidXJsIjoiaHR0cHM6XC9cL3NhaWdvbmluay5uZXRcL3dwLWNvbnRlbnRcL3VwbG9hZHNcLzIwMjZcLzAzXC8xOS53ZWJwIn0%3D\">\n\t\t\t\t\t\t\t<img decoding=\"async\" width=\"1200\" height=\"1500\" src=\"https:\/\/saigonink.net\/wp-content\/uploads\/2026\/03\/19.webp\" class=\"attachment-full size-full wp-image-2190\" alt=\"\" srcset=\"https:\/\/saigonink.net\/wp-content\/uploads\/2026\/03\/19.webp 1200w, https:\/\/saigonink.net\/wp-content\/uploads\/2026\/03\/19-240x300.webp 240w, https:\/\/saigonink.net\/wp-content\/uploads\/2026\/03\/19-819x1024.webp 819w, https:\/\/saigonink.net\/wp-content\/uploads\/2026\/03\/19-768x960.webp 768w, https:\/\/saigonink.net\/wp-content\/uploads\/2026\/03\/19-10x12.webp 10w\" sizes=\"(max-width: 1200px) 100vw, 1200px\" \/>\t\t\t\t\t\t\t\t<\/a>\n\t\t\t\t\t\t\t\t\t\t\t\t\t\t\t<\/div>\n\t\t\t\t<\/div>\n\t\t\t\t<div class=\"elementor-element elementor-element-8989893 elementor-widget elementor-widget-heading\" data-id=\"8989893\" data-element_type=\"widget\" data-widget_type=\"heading.default\">\n\t\t\t\t<div class=\"elementor-widget-container\">\n\t\t\t\t\t<h2 class=\"elementor-heading-title elementor-size-default\">SAIGON INK HERITAGE <\/br> \u0110en<\/h2>\t\t\t\t<\/div>\n\t\t\t\t<\/div>\n\t\t\t\t<\/div>\n\t\t<div class=\"has_ae_slider elementor-element elementor-element-f186346 e-con-full e-flex ae-bg-gallery-type-default e-con e-child\" data-id=\"f186346\" data-element_type=\"container\">\n\t\t\t\t<div class=\"elementor-element elementor-element-31288ed elementor-widget elementor-widget-image\" data-id=\"31288ed\" data-element_type=\"widget\" data-widget_type=\"image.default\">\n\t\t\t\t<div class=\"elementor-widget-container\">\n\t\t\t\t\t\t\t\t\t\t\t\t\t\t\t\t<a href=\"https:\/\/saigonink.net\/wp-content\/uploads\/2026\/03\/20.webp\" data-elementor-open-lightbox=\"yes\" data-elementor-lightbox-title=\"20\" data-e-action-hash=\"#elementor-action%3Aaction%3Dlightbox%26settings%3DeyJpZCI6MjE5MSwidXJsIjoiaHR0cHM6XC9cL3NhaWdvbmluay5uZXRcL3dwLWNvbnRlbnRcL3VwbG9hZHNcLzIwMjZcLzAzXC8yMC53ZWJwIn0%3D\">\n\t\t\t\t\t\t\t<img decoding=\"async\" width=\"1200\" height=\"1500\" src=\"https:\/\/saigonink.net\/wp-content\/uploads\/2026\/03\/20.webp\" class=\"attachment-full size-full wp-image-2191\" alt=\"\" srcset=\"https:\/\/saigonink.net\/wp-content\/uploads\/2026\/03\/20.webp 1200w, https:\/\/saigonink.net\/wp-content\/uploads\/2026\/03\/20-240x300.webp 240w, https:\/\/saigonink.net\/wp-content\/uploads\/2026\/03\/20-819x1024.webp 819w, https:\/\/saigonink.net\/wp-content\/uploads\/2026\/03\/20-768x960.webp 768w, https:\/\/saigonink.net\/wp-content\/uploads\/2026\/03\/20-10x12.webp 10w\" sizes=\"(max-width: 1200px) 100vw, 1200px\" \/>\t\t\t\t\t\t\t\t<\/a>\n\t\t\t\t\t\t\t\t\t\t\t\t\t\t\t<\/div>\n\t\t\t\t<\/div>\n\t\t\t\t<div class=\"elementor-element elementor-element-f3318c1 elementor-widget elementor-widget-heading\" data-id=\"f3318c1\" data-element_type=\"widget\" data-widget_type=\"heading.default\">\n\t\t\t\t<div class=\"elementor-widget-container\">\n\t\t\t\t\t<h2 class=\"elementor-heading-title elementor-size-default\">KOI BLESSING CHARM <\/br> (L\u1ed9c Ng\u01b0 Ph\u00f9) <\/br> \u0110\u1ecf<\/h2>\t\t\t\t<\/div>\n\t\t\t\t<\/div>\n\t\t\t\t<\/div>\n\t\t\t\t<\/div>\n\t\t<div class=\"has_ae_slider elementor-element elementor-element-481f328 e-con-full e-flex ae-bg-gallery-type-default e-con e-child\" data-id=\"481f328\" data-element_type=\"container\">\n\t\t<div class=\"has_ae_slider elementor-element elementor-element-4cc164a e-con-full e-flex ae-bg-gallery-type-default e-con e-child\" data-id=\"4cc164a\" data-element_type=\"container\">\n\t\t\t\t<div class=\"elementor-element elementor-element-8015b4f elementor-widget elementor-widget-image\" data-id=\"8015b4f\" data-element_type=\"widget\" data-widget_type=\"image.default\">\n\t\t\t\t<div class=\"elementor-widget-container\">\n\t\t\t\t\t\t\t\t\t\t\t\t\t\t\t\t<a href=\"https:\/\/saigonink.net\/wp-content\/uploads\/2026\/03\/23.webp\" data-elementor-open-lightbox=\"yes\" data-elementor-lightbox-title=\"23\" data-e-action-hash=\"#elementor-action%3Aaction%3Dlightbox%26settings%3DeyJpZCI6MjE5MiwidXJsIjoiaHR0cHM6XC9cL3NhaWdvbmluay5uZXRcL3dwLWNvbnRlbnRcL3VwbG9hZHNcLzIwMjZcLzAzXC8yMy53ZWJwIn0%3D\">\n\t\t\t\t\t\t\t<img loading=\"lazy\" decoding=\"async\" width=\"1200\" height=\"1500\" src=\"https:\/\/saigonink.net\/wp-content\/uploads\/2026\/03\/23.webp\" class=\"attachment-full size-full wp-image-2192\" alt=\"\" srcset=\"https:\/\/saigonink.net\/wp-content\/uploads\/2026\/03\/23.webp 1200w, https:\/\/saigonink.net\/wp-content\/uploads\/2026\/03\/23-240x300.webp 240w, https:\/\/saigonink.net\/wp-content\/uploads\/2026\/03\/23-819x1024.webp 819w, https:\/\/saigonink.net\/wp-content\/uploads\/2026\/03\/23-768x960.webp 768w, https:\/\/saigonink.net\/wp-content\/uploads\/2026\/03\/23-10x12.webp 10w\" sizes=\"(max-width: 1200px) 100vw, 1200px\" \/>\t\t\t\t\t\t\t\t<\/a>\n\t\t\t\t\t\t\t\t\t\t\t\t\t\t\t<\/div>\n\t\t\t\t<\/div>\n\t\t\t\t<div class=\"elementor-element elementor-element-63fce79 elementor-widget elementor-widget-heading\" data-id=\"63fce79\" data-element_type=\"widget\" data-widget_type=\"heading.default\">\n\t\t\t\t<div class=\"elementor-widget-container\">\n\t\t\t\t\t<h2 class=\"elementor-heading-title elementor-size-default\">SGTE T SHIRT<\/h2>\t\t\t\t<\/div>\n\t\t\t\t<\/div>\n\t\t\t\t<\/div>\n\t\t<div class=\"has_ae_slider elementor-element elementor-element-4cdbeda e-con-full e-flex ae-bg-gallery-type-default e-con e-child\" data-id=\"4cdbeda\" data-element_type=\"container\">\n\t\t\t\t<div class=\"elementor-element elementor-element-6aa135b elementor-widget elementor-widget-image\" data-id=\"6aa135b\" data-element_type=\"widget\" data-widget_type=\"image.default\">\n\t\t\t\t<div class=\"elementor-widget-container\">\n\t\t\t\t\t\t\t\t\t\t\t\t\t\t\t\t<a href=\"https:\/\/saigonink.net\/wp-content\/uploads\/2026\/03\/21.webp\" data-elementor-open-lightbox=\"yes\" data-elementor-lightbox-title=\"21\" data-e-action-hash=\"#elementor-action%3Aaction%3Dlightbox%26settings%3DeyJpZCI6MjE5MywidXJsIjoiaHR0cHM6XC9cL3NhaWdvbmluay5uZXRcL3dwLWNvbnRlbnRcL3VwbG9hZHNcLzIwMjZcLzAzXC8yMS53ZWJwIn0%3D\">\n\t\t\t\t\t\t\t<img loading=\"lazy\" decoding=\"async\" width=\"1200\" height=\"1500\" src=\"https:\/\/saigonink.net\/wp-content\/uploads\/2026\/03\/21.webp\" class=\"attachment-full size-full wp-image-2193\" alt=\"\" srcset=\"https:\/\/saigonink.net\/wp-content\/uploads\/2026\/03\/21.webp 1200w, https:\/\/saigonink.net\/wp-content\/uploads\/2026\/03\/21-240x300.webp 240w, https:\/\/saigonink.net\/wp-content\/uploads\/2026\/03\/21-819x1024.webp 819w, https:\/\/saigonink.net\/wp-content\/uploads\/2026\/03\/21-768x960.webp 768w, https:\/\/saigonink.net\/wp-content\/uploads\/2026\/03\/21-10x12.webp 10w\" sizes=\"(max-width: 1200px) 100vw, 1200px\" \/>\t\t\t\t\t\t\t\t<\/a>\n\t\t\t\t\t\t\t\t\t\t\t\t\t\t\t<\/div>\n\t\t\t\t<\/div>\n\t\t\t\t<div class=\"elementor-element elementor-element-675b993 elementor-widget elementor-widget-heading\" data-id=\"675b993\" data-element_type=\"widget\" data-widget_type=\"heading.default\">\n\t\t\t\t<div class=\"elementor-widget-container\">\n\t\t\t\t\t<h2 class=\"elementor-heading-title elementor-size-default\">SAIGON INK <\/br> BANDANA ANNIVERSARY 17<\/h2>\t\t\t\t<\/div>\n\t\t\t\t<\/div>\n\t\t\t\t<\/div>\n\t\t<div class=\"has_ae_slider elementor-element elementor-element-e8d9331 e-con-full e-flex ae-bg-gallery-type-default e-con e-child\" data-id=\"e8d9331\" data-element_type=\"container\">\n\t\t\t\t<div class=\"elementor-element elementor-element-ebeb641 elementor-widget elementor-widget-image\" data-id=\"ebeb641\" data-element_type=\"widget\" data-widget_type=\"image.default\">\n\t\t\t\t<div class=\"elementor-widget-container\">\n\t\t\t\t\t\t\t\t\t\t\t\t\t\t\t\t<a href=\"https:\/\/saigonink.net\/wp-content\/uploads\/2026\/03\/22.webp\" data-elementor-open-lightbox=\"yes\" data-elementor-lightbox-title=\"22\" data-e-action-hash=\"#elementor-action%3Aaction%3Dlightbox%26settings%3DeyJpZCI6MjE5NCwidXJsIjoiaHR0cHM6XC9cL3NhaWdvbmluay5uZXRcL3dwLWNvbnRlbnRcL3VwbG9hZHNcLzIwMjZcLzAzXC8yMi53ZWJwIn0%3D\">\n\t\t\t\t\t\t\t<img loading=\"lazy\" decoding=\"async\" width=\"1200\" height=\"1500\" src=\"https:\/\/saigonink.net\/wp-content\/uploads\/2026\/03\/22.webp\" class=\"attachment-full size-full wp-image-2194\" alt=\"\" srcset=\"https:\/\/saigonink.net\/wp-content\/uploads\/2026\/03\/22.webp 1200w, https:\/\/saigonink.net\/wp-content\/uploads\/2026\/03\/22-240x300.webp 240w, https:\/\/saigonink.net\/wp-content\/uploads\/2026\/03\/22-819x1024.webp 819w, https:\/\/saigonink.net\/wp-content\/uploads\/2026\/03\/22-768x960.webp 768w, https:\/\/saigonink.net\/wp-content\/uploads\/2026\/03\/22-10x12.webp 10w\" sizes=\"(max-width: 1200px) 100vw, 1200px\" \/>\t\t\t\t\t\t\t\t<\/a>\n\t\t\t\t\t\t\t\t\t\t\t\t\t\t\t<\/div>\n\t\t\t\t<\/div>\n\t\t\t\t<div class=\"elementor-element elementor-element-4692478 elementor-widget elementor-widget-heading\" data-id=\"4692478\" data-element_type=\"widget\" data-widget_type=\"heading.default\">\n\t\t\t\t<div class=\"elementor-widget-container\">\n\t\t\t\t\t<h2 class=\"elementor-heading-title elementor-size-default\">KOI BLESSING CHARM BANDANA<\/h2>\t\t\t\t<\/div>\n\t\t\t\t<\/div>\n\t\t\t\t<\/div>\n\t\t\t\t<\/div>\n\t\t\t\t\t<\/div>\n\t\t\t\t<\/div>\n\t\t<div class=\"has_ae_slider elementor-element elementor-element-5989ae1 e-flex e-con-boxed ae-bg-gallery-type-default e-con e-parent\" data-id=\"5989ae1\" data-element_type=\"container\">\n\t\t\t\t\t<div class=\"e-con-inner\">\n\t\t\t\t<div class=\"elementor-element elementor-element-f8f9bd0 elementor-align-center elementor-mobile-align-center elementor-invisible elementor-widget elementor-widget-button\" data-id=\"f8f9bd0\" data-element_type=\"widget\" data-settings=\"{&quot;_animation&quot;:&quot;flash&quot;}\" data-widget_type=\"button.default\">\n\t\t\t\t<div class=\"elementor-widget-container\">\n\t\t\t\t\t\t\t\t\t<div class=\"elementor-button-wrapper\">\n\t\t\t\t\t<a class=\"elementor-button elementor-button-link elementor-size-sm\" href=\"#elementor-action%3Aaction%3Dpopup%3Aopen%26settings%3DeyJpZCI6IjIyMjEiLCJ0b2dnbGUiOmZhbHNlfQ%3D%3D\">\n\t\t\t\t\t\t<span class=\"elementor-button-content-wrapper\">\n\t\t\t\t\t\t\t\t\t<span class=\"elementor-button-text\">Order Now<\/span>\n\t\t\t\t\t<\/span>\n\t\t\t\t\t<\/a>\n\t\t\t\t<\/div>\n\t\t\t\t\t\t\t\t<\/div>\n\t\t\t\t<\/div>\n\t\t\t\t\t<\/div>\n\t\t\t\t<\/div>\n\t\t<div class=\"has_ae_slider elementor-element elementor-element-e6f1918 e-flex e-con-boxed ae-bg-gallery-type-default e-con e-parent\" data-id=\"e6f1918\" data-element_type=\"container\">\n\t\t\t\t\t<div class=\"e-con-inner\">\n\t\t<div class=\"has_ae_slider elementor-element elementor-element-71a3ff1 e-con-full e-flex ae-bg-gallery-type-default e-con e-child\" data-id=\"71a3ff1\" data-element_type=\"container\">\n\t\t\t\t<div class=\"elementor-element elementor-element-efc12ac elementor-hidden-desktop elementor-hidden-tablet elementor-widget elementor-widget-heading\" data-id=\"efc12ac\" data-element_type=\"widget\" data-widget_type=\"heading.default\">\n\t\t\t\t<div class=\"elementor-widget-container\">\n\t\t\t\t\t<h2 class=\"elementor-heading-title elementor-size-default\">After Care<\/h2>\t\t\t\t<\/div>\n\t\t\t\t<\/div>\n\t\t\t\t<div class=\"elementor-element elementor-element-b1a3e9a elementor-arrows-position-inside elementor-widget elementor-widget-image-carousel\" data-id=\"b1a3e9a\" data-element_type=\"widget\" data-settings=\"{&quot;slides_to_show&quot;:&quot;1&quot;,&quot;navigation&quot;:&quot;arrows&quot;,&quot;autoplay&quot;:&quot;yes&quot;,&quot;pause_on_hover&quot;:&quot;yes&quot;,&quot;pause_on_interaction&quot;:&quot;yes&quot;,&quot;autoplay_speed&quot;:5000,&quot;infinite&quot;:&quot;yes&quot;,&quot;effect&quot;:&quot;slide&quot;,&quot;speed&quot;:500}\" data-widget_type=\"image-carousel.default\">\n\t\t\t\t<div class=\"elementor-widget-container\">\n\t\t\t\t\t\t\t<div class=\"elementor-image-carousel-wrapper swiper\" role=\"region\" aria-roledescription=\"carousel\" aria-label=\"B\u0103ng chuy\u1ec1n h\u00ecnh \u1ea3nh\" dir=\"ltr\">\n\t\t\t<div class=\"elementor-image-carousel swiper-wrapper\" aria-live=\"off\">\n\t\t\t\t\t\t\t\t<div class=\"swiper-slide\" role=\"group\" aria-roledescription=\"slide\" aria-label=\"1 tr\u00ean 4\"><figure class=\"swiper-slide-inner\"><img decoding=\"async\" class=\"swiper-slide-image\" src=\"https:\/\/saigonink.net\/wp-content\/uploads\/2026\/04\/AfterCareIMG_1.webp\" alt=\"AfterCareIMG_1\" \/><\/figure><\/div><div class=\"swiper-slide\" role=\"group\" aria-roledescription=\"slide\" aria-label=\"2 tr\u00ean 4\"><figure class=\"swiper-slide-inner\"><img decoding=\"async\" class=\"swiper-slide-image\" src=\"https:\/\/saigonink.net\/wp-content\/uploads\/2026\/04\/AfterCareIMG_2.webp\" alt=\"AfterCareIMG_2\" \/><\/figure><\/div><div class=\"swiper-slide\" role=\"group\" aria-roledescription=\"slide\" aria-label=\"3 tr\u00ean 4\"><figure class=\"swiper-slide-inner\"><img decoding=\"async\" class=\"swiper-slide-image\" src=\"https:\/\/saigonink.net\/wp-content\/uploads\/2026\/04\/AfterCareIMG_3.webp\" alt=\"AfterCareIMG_3\" \/><\/figure><\/div><div class=\"swiper-slide\" role=\"group\" aria-roledescription=\"slide\" aria-label=\"4 tr\u00ean 4\"><figure class=\"swiper-slide-inner\"><img decoding=\"async\" class=\"swiper-slide-image\" src=\"https:\/\/saigonink.net\/wp-content\/uploads\/2026\/04\/AfterCareIMG_4.webp\" alt=\"AfterCareIMG_4\" \/><\/figure><\/div>\t\t\t<\/div>\n\t\t\t\t\t\t\t\t\t\t\t\t<div class=\"elementor-swiper-button elementor-swiper-button-prev\" role=\"button\" tabindex=\"0\">\n\t\t\t\t\t\t<i aria-hidden=\"true\" class=\"eicon-chevron-left\"><\/i>\t\t\t\t\t<\/div>\n\t\t\t\t\t<div class=\"elementor-swiper-button elementor-swiper-button-next\" role=\"button\" tabindex=\"0\">\n\t\t\t\t\t\t<i aria-hidden=\"true\" class=\"eicon-chevron-right\"><\/i>\t\t\t\t\t<\/div>\n\t\t\t\t\n\t\t\t\t\t\t\t\t\t<\/div>\n\t\t\t\t\t\t<\/div>\n\t\t\t\t<\/div>\n\t\t\t\t<\/div>\n\t\t<div class=\"has_ae_slider elementor-element elementor-element-d3012b1 e-con-full e-flex ae-bg-gallery-type-default e-con e-child\" data-id=\"d3012b1\" data-element_type=\"container\">\n\t\t\t\t<div class=\"elementor-element elementor-element-a618585 elementor-hidden-mobile elementor-widget elementor-widget-heading\" data-id=\"a618585\" data-element_type=\"widget\" data-widget_type=\"heading.default\">\n\t\t\t\t<div class=\"elementor-widget-container\">\n\t\t\t\t\t<h2 class=\"elementor-heading-title elementor-size-default\">After Care<\/h2>\t\t\t\t<\/div>\n\t\t\t\t<\/div>\n\t\t\t\t<div class=\"elementor-element elementor-element-f183c62 elementor-align-left elementor-mobile-align-center elementor-invisible elementor-widget elementor-widget-button\" data-id=\"f183c62\" data-element_type=\"widget\" data-settings=\"{&quot;_animation&quot;:&quot;flash&quot;}\" data-widget_type=\"button.default\">\n\t\t\t\t<div class=\"elementor-widget-container\">\n\t\t\t\t\t\t\t\t\t<div class=\"elementor-button-wrapper\">\n\t\t\t\t\t<a class=\"elementor-button elementor-button-link elementor-size-sm\" href=\"https:\/\/saigonink.net\/en\/aftercare\/\">\n\t\t\t\t\t\t<span class=\"elementor-button-content-wrapper\">\n\t\t\t\t\t\t\t\t\t<span class=\"elementor-button-text\">View More<\/span>\n\t\t\t\t\t<\/span>\n\t\t\t\t\t<\/a>\n\t\t\t\t<\/div>\n\t\t\t\t\t\t\t\t<\/div>\n\t\t\t\t<\/div>\n\t\t\t\t<\/div>\n\t\t\t\t\t<\/div>\n\t\t\t\t<\/div>\n\t\t\t\t<\/div>","protected":false},"excerpt":{"rendered":"<p>SERVICE KOI BLESSING CHARM (L\u1ed9c Ng\u01b0 Ph\u00f9) \u0110en SAIGON INK HERITAGE \u0110en KOI BLESSING CHARM (L\u1ed9c Ng\u01b0 Ph\u00f9) \u0110\u1ecf SGTE T SHIRT SAIGON INK BANDANA ANNIVERSARY 17 KOI BLESSING CHARM BANDANA Order Now After Care After Care View More<\/p>","protected":false},"author":1,"featured_media":0,"parent":0,"menu_order":0,"comment_status":"closed","ping_status":"closed","template":"elementor_header_footer","meta":{"footnotes":""},"class_list":["post-2179","page","type-page","status-publish","hentry"],"_links":{"self":[{"href":"https:\/\/saigonink.net\/en\/wp-json\/wp\/v2\/pages\/2179","targetHints":{"allow":["GET"]}}],"collection":[{"href":"https:\/\/saigonink.net\/en\/wp-json\/wp\/v2\/pages"}],"about":[{"href":"https:\/\/saigonink.net\/en\/wp-json\/wp\/v2\/types\/page"}],"author":[{"embeddable":true,"href":"https:\/\/saigonink.net\/en\/wp-json\/wp\/v2\/users\/1"}],"replies":[{"embeddable":true,"href":"https:\/\/saigonink.net\/en\/wp-json\/wp\/v2\/comments?post=2179"}],"version-history":[{"count":31,"href":"https:\/\/saigonink.net\/en\/wp-json\/wp\/v2\/pages\/2179\/revisions"}],"predecessor-version":[{"id":3062,"href":"https:\/\/saigonink.net\/en\/wp-json\/wp\/v2\/pages\/2179\/revisions\/3062"}],"wp:attachment":[{"href":"https:\/\/saigonink.net\/en\/wp-json\/wp\/v2\/media?parent=2179"}],"curies":[{"name":"wp","href":"https:\/\/api.w.org\/{rel}","templated":true}]}}